{"id":2872,"date":"2024-08-02T12:00:49","date_gmt":"2024-08-02T10:00:49","guid":{"rendered":"https:\/\/aspen.heller-consult.pl\/?page_id=2872"},"modified":"2024-08-02T12:03:23","modified_gmt":"2024-08-02T10:03:23","slug":"zasady-plikow-cookies","status":"publish","type":"page","link":"https:\/\/aspen.heller-consult.pl\/index.php\/zasady-plikow-cookies\/","title":{"rendered":"Zasady plik\u00f3w cookies"},"content":{"rendered":"\t\t<div data-elementor-type=\"wp-page\" data-elementor-id=\"2872\" class=\"elementor elementor-2872\">\n\t\t\t\t\t\t<section class=\"elementor-section elementor-top-section elementor-element elementor-element-6d5e848b elementor-section-full_width elementor-section-height-default elementor-section-height-default\" data-id=\"6d5e848b\" data-element_type=\"section\">\n\t\t\t\t\t\t<div class=\"elementor-container elementor-column-gap-default\">\n\t\t\t\t\t<div class=\"elementor-column elementor-col-100 elementor-top-column elementor-element elementor-element-12814be2\" data-id=\"12814be2\" data-element_type=\"column\">\n\t\t\t<div class=\"elementor-widget-wrap elementor-element-populated\">\n\t\t\t\t\t\t<div class=\"elementor-element elementor-element-111abf87 elementor-widget elementor-widget-text-editor\" data-id=\"111abf87\" data-element_type=\"widget\" data-widget_type=\"text-editor.default\">\n\t\t\t\t<div class=\"elementor-widget-container\">\n\t\t\t<style>\/*! elementor - v3.23.0 - 25-07-2024 *\/\n.elementor-widget-text-editor.elementor-drop-cap-view-stacked .elementor-drop-cap{background-color:#69727d;color:#fff}.elementor-widget-text-editor.elementor-drop-cap-view-framed .elementor-drop-cap{color:#69727d;border:3px solid;background-color:transparent}.elementor-widget-text-editor:not(.elementor-drop-cap-view-default) .elementor-drop-cap{margin-top:8px}.elementor-widget-text-editor:not(.elementor-drop-cap-view-default) .elementor-drop-cap-letter{width:1em;height:1em}.elementor-widget-text-editor .elementor-drop-cap{float:left;text-align:center;line-height:1;font-size:50px}.elementor-widget-text-editor .elementor-drop-cap-letter{display:inline-block}<\/style>\t\t\t\t<div class=\"entry-content\">\n<p style=\"text-align: justify;\">Serwisy Sp\u00f3\u0142ki Heller Consult korzystaj\u0105 z plik\u00f3w cookies. Pliki cookies to pliki tekstowe, kt\u00f3re s\u0105 przechowywane w systemie komputerowym za po\u015brednictwem przegl\u0105darki internetowej.<\/p>\n<p style=\"text-align: justify;\">Za pomoc\u0105 plik\u00f3w cookies firma Heller Consult sp. z o.o. mo\u017ce zapewni\u0107 u\u017cytkownikom serwisu bardziej przyjazne dla u\u017cytkownika us\u0142ugi, kt\u00f3re nie by\u0142yby mo\u017cliwe bez ustawienia cookies.<\/p>\n<p style=\"text-align: justify;\">Informacji odczytanych za pomoc\u0105 cookies i podobnych technologii u\u017cywamy w celach statystycznych oraz w celu dostosowania serwisu do indywidualnych potrzeb u\u017cytkownik\u00f3w, w tym profilowania.<\/p>\n<p style=\"text-align: justify;\">Wiele witryn i serwis\u00f3w wykorzystuje pliki cookies. Wiele plik\u00f3w cookies zawiera tzw. Identyfikator pliku cookies. Identyfikator pliku cookies jest unikalnym identyfikatorem. Sk\u0142ada si\u0119 z ci\u0105gu znak\u00f3w, dzi\u0119ki kt\u00f3remu strony internetowe i serwery mog\u0105 by\u0107 przypisane do konkretnej przegl\u0105darki internetowej, w kt\u00f3rej przechowywany by\u0142 plik cookies. Dzi\u0119ki temu odwiedzane witryny i serwery mog\u0105 odr\u00f3\u017cnia\u0107 przegl\u0105dark\u0119 u\u017cytkownika od innych przegl\u0105darek internetowych, kt\u00f3re zawieraj\u0105 inne pliki cookies.<\/p>\n<p style=\"text-align: justify;\">Okre\u015blona przegl\u0105darka internetowa mo\u017ce dzi\u0119ki temu zosta\u0107 rozpoznana i zidentyfikowana przez unikalny identyfikator pliku cookies.<\/p>\n<p style=\"text-align: justify;\">U\u017cytkownik ma mo\u017cliwo\u015b\u0107 samodzielnej zmiany ustawie\u0144 dotycz\u0105cych cookies w swojej przegl\u0105darce internetowej. Ponadto ju\u017c ustawione pliki cookies mo\u017cna usun\u0105\u0107 w dowolnym momencie za po\u015brednictwem przegl\u0105darki internetowej lub innego oprogramowania. Jest to mo\u017cliwe we wszystkich popularnych przegl\u0105darkach internetowych. Je\u015bli podmiot danych dezaktywuje ustawienia plik\u00f3w cookies w u\u017cywanej przegl\u0105darce internetowej, nie wszystkie funkcje naszej strony internetowej mog\u0105 by\u0107 w pe\u0142ni u\u017cyteczne. Je\u015bli nie wyra\u017caj\u0105 Pa\u0144stwo zgody, prosimy o zmian\u0119 ustawie\u0144 w przegl\u0105darce lub opuszczenie serwisu. Dalsze korzystanie z serwisu bez zmiany ustawie\u0144 dotycz\u0105cych cookies w przegl\u0105darce oznacza akceptacj\u0119 plik\u00f3w cookies, co b\u0119dzie skutkowa\u0142o zapisywaniem ich na Pa\u0144stwa urz\u0105dzeniach przez serwisy internetowe Heller Consult Sp. z o.o.<\/p>\n<p style=\"text-align: justify;\">Wykorzystanie ich pozwala nam zapewni\u0107 Pa\u0144stwu maksymaln\u0105 wygod\u0119 przy korzystaniu z naszych serwis\u00f3w poprzez zapami\u0119tanie Pa\u0144stwa preferencji i ustawie\u0144 na naszych stronach. Wi\u0119cej informacji o polityce przetwarzania danych oraz dodatkowe informacje na temat cookies znajd\u0105 Pa\u0144stwo w naszej <a href=\"https:\/\/aspen.heller-consult.pl\/index.php\/polityka-prywatnosci\/\"><strong>Polityce prywatno\u015bci.<\/strong><\/a><\/p>\n<p style=\"text-align: justify;\">Akceptacja ustawie\u0144 przegl\u0105darki oznacza zgod\u0119 na mo\u017cliwo\u015b\u0107 tworzenia profilu U\u017cytkownika opartego na informacji dotycz\u0105cej \u015bwiadczonych us\u0142ug, zainteresowania ofert\u0105 lub informacjami zawartymi w plikach cookies.<\/p>\n<p style=\"text-align: justify;\">Maj\u0105 Pa\u0144stwo prawo do cofni\u0119cia wyra\u017conej zgody w dowolnym momencie.<\/p>\n<p style=\"text-align: justify;\">Wycofanie zgody nie ma wp\u0142ywu na zgodno\u015b\u0107 z prawem przetwarzania Pa\u0144stwa danych, kt\u00f3rego dokonano na podstawie udzielonej wcze\u015bniej zgody.<\/p>\n\n<\/div>\t\t\t\t\t\t<\/div>\n\t\t\t\t<\/div>\n\t\t\t\t\t<\/div>\n\t\t<\/div>\n\t\t\t\t\t<\/div>\n\t\t<\/section>\n\t\t\t\t<\/div>\n\t\t","protected":false},"excerpt":{"rendered":"<p>Serwisy Sp\u00f3\u0142ki Heller Consult korzystaj\u0105 z plik\u00f3w cookies. Pliki cookies to pliki tekstowe, kt\u00f3re s\u0105 przechowywane w systemie komputerowym za po\u015brednictwem przegl\u0105darki [&hellip;]<\/p>\n","protected":false},"author":6,"featured_media":0,"parent":0,"menu_order":0,"comment_status":"closed","ping_status":"closed","template":"page-templates\/page_fullwidth.php","meta":{"_vp_format_video_url":"","_vp_image_focal_point":[],"footnotes":""},"class_list":["post-2872","page","type-page","status-publish","hentry"],"yoast_head":"<!-- This site is optimized with the Yoast SEO plugin v23.1 - https:\/\/yoast.com\/wordpress\/plugins\/seo\/ -->\n<title>Zasady plik\u00f3w cookies - ASPEN<\/title>\n<meta name=\"robots\" content=\"index, follow, max-snippet:-1, max-image-preview:large, max-video-preview:-1\" \/>\n<link rel=\"canonical\" href=\"https:\/\/aspen.heller-consult.pl\/index.php\/zasady-plikow-cookies\/\" \/>\n<meta property=\"og:locale\" content=\"pl_PL\" \/>\n<meta property=\"og:type\" content=\"article\" \/>\n<meta property=\"og:title\" content=\"Zasady plik\u00f3w cookies - ASPEN\" \/>\n<meta property=\"og:description\" content=\"Serwisy Sp\u00f3\u0142ki Heller Consult korzystaj\u0105 z plik\u00f3w cookies. Pliki cookies to pliki tekstowe, kt\u00f3re s\u0105 przechowywane w systemie komputerowym za po\u015brednictwem przegl\u0105darki [&hellip;]\" \/>\n<meta property=\"og:url\" content=\"https:\/\/aspen.heller-consult.pl\/index.php\/zasady-plikow-cookies\/\" \/>\n<meta property=\"og:site_name\" content=\"ASPEN\" \/>\n<meta property=\"article:modified_time\" content=\"2024-08-02T10:03:23+00:00\" \/>\n<meta name=\"twitter:card\" content=\"summary_large_image\" \/>\n<meta name=\"twitter:label1\" content=\"Szacowany czas czytania\" \/>\n\t<meta name=\"twitter:data1\" content=\"3 minuty\" \/>\n<script type=\"application\/ld+json\" class=\"yoast-schema-graph\">{\"@context\":\"https:\/\/schema.org\",\"@graph\":[{\"@type\":\"WebPage\",\"@id\":\"https:\/\/aspen.heller-consult.pl\/index.php\/zasady-plikow-cookies\/\",\"url\":\"https:\/\/aspen.heller-consult.pl\/index.php\/zasady-plikow-cookies\/\",\"name\":\"Zasady plik\u00f3w cookies - ASPEN\",\"isPartOf\":{\"@id\":\"https:\/\/aspen.heller-consult.pl\/#website\"},\"datePublished\":\"2024-08-02T10:00:49+00:00\",\"dateModified\":\"2024-08-02T10:03:23+00:00\",\"breadcrumb\":{\"@id\":\"https:\/\/aspen.heller-consult.pl\/index.php\/zasady-plikow-cookies\/#breadcrumb\"},\"inLanguage\":\"pl-PL\",\"potentialAction\":[{\"@type\":\"ReadAction\",\"target\":[\"https:\/\/aspen.heller-consult.pl\/index.php\/zasady-plikow-cookies\/\"]}]},{\"@type\":\"BreadcrumbList\",\"@id\":\"https:\/\/aspen.heller-consult.pl\/index.php\/zasady-plikow-cookies\/#breadcrumb\",\"itemListElement\":[{\"@type\":\"ListItem\",\"position\":1,\"name\":\"Strona g\u0142\u00f3wna\",\"item\":\"https:\/\/aspen.heller-consult.pl\/index.php\/en\/aspen\/\"},{\"@type\":\"ListItem\",\"position\":2,\"name\":\"Zasady plik\u00f3w cookies\"}]},{\"@type\":\"WebSite\",\"@id\":\"https:\/\/aspen.heller-consult.pl\/#website\",\"url\":\"https:\/\/aspen.heller-consult.pl\/\",\"name\":\"ASPEN\",\"description\":\"\",\"publisher\":{\"@id\":\"https:\/\/aspen.heller-consult.pl\/#organization\"},\"potentialAction\":[{\"@type\":\"SearchAction\",\"target\":{\"@type\":\"EntryPoint\",\"urlTemplate\":\"https:\/\/aspen.heller-consult.pl\/?s={search_term_string}\"},\"query-input\":\"required name=search_term_string\"}],\"inLanguage\":\"pl-PL\"},{\"@type\":\"Organization\",\"@id\":\"https:\/\/aspen.heller-consult.pl\/#organization\",\"name\":\"Heller Consult\",\"url\":\"https:\/\/aspen.heller-consult.pl\/\",\"logo\":{\"@type\":\"ImageObject\",\"inLanguage\":\"pl-PL\",\"@id\":\"https:\/\/aspen.heller-consult.pl\/#\/schema\/logo\/image\/\",\"url\":\"https:\/\/wordpress1906309.home.pl\/public_html\/autoinstalator\/aspen\/wp-content\/uploads\/2022\/06\/cropped-cropped-cropped-osika_sam_lisc-1.png\",\"contentUrl\":\"https:\/\/wordpress1906309.home.pl\/public_html\/autoinstalator\/aspen\/wp-content\/uploads\/2022\/06\/cropped-cropped-cropped-osika_sam_lisc-1.png\",\"width\":150,\"height\":150,\"caption\":\"Heller Consult\"},\"image\":{\"@id\":\"https:\/\/aspen.heller-consult.pl\/#\/schema\/logo\/image\/\"}}]}<\/script>\n<!-- \/ Yoast SEO plugin. -->","yoast_head_json":{"title":"Zasady plik\u00f3w cookies - ASPEN","robots":{"index":"index","follow":"follow","max-snippet":"max-snippet:-1","max-image-preview":"max-image-preview:large","max-video-preview":"max-video-preview:-1"},"canonical":"https:\/\/aspen.heller-consult.pl\/index.php\/zasady-plikow-cookies\/","og_locale":"pl_PL","og_type":"article","og_title":"Zasady plik\u00f3w cookies - ASPEN","og_description":"Serwisy Sp\u00f3\u0142ki Heller Consult korzystaj\u0105 z plik\u00f3w cookies. Pliki cookies to pliki tekstowe, kt\u00f3re s\u0105 przechowywane w systemie komputerowym za po\u015brednictwem przegl\u0105darki [&hellip;]","og_url":"https:\/\/aspen.heller-consult.pl\/index.php\/zasady-plikow-cookies\/","og_site_name":"ASPEN","article_modified_time":"2024-08-02T10:03:23+00:00","twitter_card":"summary_large_image","twitter_misc":{"Szacowany czas czytania":"3 minuty"},"schema":{"@context":"https:\/\/schema.org","@graph":[{"@type":"WebPage","@id":"https:\/\/aspen.heller-consult.pl\/index.php\/zasady-plikow-cookies\/","url":"https:\/\/aspen.heller-consult.pl\/index.php\/zasady-plikow-cookies\/","name":"Zasady plik\u00f3w cookies - ASPEN","isPartOf":{"@id":"https:\/\/aspen.heller-consult.pl\/#website"},"datePublished":"2024-08-02T10:00:49+00:00","dateModified":"2024-08-02T10:03:23+00:00","breadcrumb":{"@id":"https:\/\/aspen.heller-consult.pl\/index.php\/zasady-plikow-cookies\/#breadcrumb"},"inLanguage":"pl-PL","potentialAction":[{"@type":"ReadAction","target":["https:\/\/aspen.heller-consult.pl\/index.php\/zasady-plikow-cookies\/"]}]},{"@type":"BreadcrumbList","@id":"https:\/\/aspen.heller-consult.pl\/index.php\/zasady-plikow-cookies\/#breadcrumb","itemListElement":[{"@type":"ListItem","position":1,"name":"Strona g\u0142\u00f3wna","item":"https:\/\/aspen.heller-consult.pl\/index.php\/en\/aspen\/"},{"@type":"ListItem","position":2,"name":"Zasady plik\u00f3w cookies"}]},{"@type":"WebSite","@id":"https:\/\/aspen.heller-consult.pl\/#website","url":"https:\/\/aspen.heller-consult.pl\/","name":"ASPEN","description":"","publisher":{"@id":"https:\/\/aspen.heller-consult.pl\/#organization"},"potentialAction":[{"@type":"SearchAction","target":{"@type":"EntryPoint","urlTemplate":"https:\/\/aspen.heller-consult.pl\/?s={search_term_string}"},"query-input":"required name=search_term_string"}],"inLanguage":"pl-PL"},{"@type":"Organization","@id":"https:\/\/aspen.heller-consult.pl\/#organization","name":"Heller Consult","url":"https:\/\/aspen.heller-consult.pl\/","logo":{"@type":"ImageObject","inLanguage":"pl-PL","@id":"https:\/\/aspen.heller-consult.pl\/#\/schema\/logo\/image\/","url":"https:\/\/wordpress1906309.home.pl\/public_html\/autoinstalator\/aspen\/wp-content\/uploads\/2022\/06\/cropped-cropped-cropped-osika_sam_lisc-1.png","contentUrl":"https:\/\/wordpress1906309.home.pl\/public_html\/autoinstalator\/aspen\/wp-content\/uploads\/2022\/06\/cropped-cropped-cropped-osika_sam_lisc-1.png","width":150,"height":150,"caption":"Heller Consult"},"image":{"@id":"https:\/\/aspen.heller-consult.pl\/#\/schema\/logo\/image\/"}}]}},"_links":{"self":[{"href":"https:\/\/aspen.heller-consult.pl\/index.php\/wp-json\/wp\/v2\/pages\/2872","targetHints":{"allow":["GET"]}}],"collection":[{"href":"https:\/\/aspen.heller-consult.pl\/index.php\/wp-json\/wp\/v2\/pages"}],"about":[{"href":"https:\/\/aspen.heller-consult.pl\/index.php\/wp-json\/wp\/v2\/types\/page"}],"author":[{"embeddable":true,"href":"https:\/\/aspen.heller-consult.pl\/index.php\/wp-json\/wp\/v2\/users\/6"}],"replies":[{"embeddable":true,"href":"https:\/\/aspen.heller-consult.pl\/index.php\/wp-json\/wp\/v2\/comments?post=2872"}],"version-history":[{"count":4,"href":"https:\/\/aspen.heller-consult.pl\/index.php\/wp-json\/wp\/v2\/pages\/2872\/revisions"}],"predecessor-version":[{"id":2876,"href":"https:\/\/aspen.heller-consult.pl\/index.php\/wp-json\/wp\/v2\/pages\/2872\/revisions\/2876"}],"wp:attachment":[{"href":"https:\/\/aspen.heller-consult.pl\/index.php\/wp-json\/wp\/v2\/media?parent=2872"}],"curies":[{"name":"wp","href":"https:\/\/api.w.org\/{rel}","templated":true}]}}